{"id":2636,"date":"2021-10-14T14:22:42","date_gmt":"2021-10-14T14:22:42","guid":{"rendered":"http:\/\/hevitex.fi\/?page_id=2636"},"modified":"2023-05-05T11:48:21","modified_gmt":"2023-05-05T11:48:21","slug":"elementor-2636","status":"publish","type":"page","link":"https:\/\/hevitex.fi\/?page_id=2636","title":{"rendered":"Haluan, ett\u00e4 minuun otetaan yhteytt\u00e4"},"content":{"rendered":"\t\t<div data-elementor-type=\"wp-post\" data-elementor-id=\"2636\" class=\"elementor elementor-2636\" data-elementor-post-type=\"page\">\n\t\t\t\t\t\t<section class=\"elementor-section elementor-top-section elementor-element elementor-element-8e26f39 elementor-section-boxed elementor-section-height-default elementor-section-height-default\" data-id=\"8e26f39\" data-element_type=\"section\" data-e-type=\"section\">\n\t\t\t\t\t\t<div class=\"elementor-container elementor-column-gap-default\">\n\t\t\t\t\t<div class=\"elementor-column elementor-col-100 elementor-top-column elementor-element elementor-element-83c55e0\" data-id=\"83c55e0\" data-element_type=\"column\" data-e-type=\"column\">\n\t\t\t<div class=\"elementor-widget-wrap\">\n\t\t\t\t\t\t\t<\/div>\n\t\t<\/div>\n\t\t\t\t\t<\/div>\n\t\t<\/section>\n\t\t\t\t<section class=\"elementor-section elementor-top-section elementor-element elementor-element-u6iq6o0 elementor-section-content-middle elementor-section-boxed elementor-section-height-default elementor-section-height-default\" data-id=\"u6iq6o0\" data-element_type=\"section\" data-e-type=\"section\">\n\t\t\t\t\t\t<div class=\"elementor-container elementor-column-gap-default\">\n\t\t\t\t\t<div class=\"elementor-column elementor-col-33 elementor-top-column elementor-element elementor-element-a91ad32\" data-id=\"a91ad32\" data-element_type=\"column\" data-e-type=\"column\">\n\t\t\t<div class=\"elementor-widget-wrap elementor-element-populated\">\n\t\t\t\t\t\t<div class=\"elementor-element elementor-element-b5a2814 elementor-widget elementor-widget-heading\" data-id=\"b5a2814\" data-element_type=\"widget\" data-e-type=\"widget\" data-widget_type=\"heading.default\">\n\t\t\t\t<div class=\"elementor-widget-container\">\n\t\t\t\t\t<h3 class=\"elementor-heading-title elementor-size-default\">Kuinka voimme olla avuksi?\n\n  \n<\/h3>\t\t\t\t<\/div>\n\t\t\t\t<\/div>\n\t\t\t\t<div class=\"elementor-element elementor-element-6c2999c elementor-widget elementor-widget-text-editor\" data-id=\"6c2999c\" data-element_type=\"widget\" data-e-type=\"widget\" data-widget_type=\"text-editor.default\">\n\t\t\t\t<div class=\"elementor-widget-container\">\n\t\t\t\t\t\t\t\t\t<p>Kirjoita oheiseen yhteydenottolomakkeeseen yhteystietosi. Kerro miten voimme olla avuksi?\u00a0 Otamme sinuun yhteytt\u00e4.<\/p><p>Voit olla yhteydess\u00e4 meihin my\u00f6s puhelimitse 050-338 9595 tai l\u00e4het\u00e4 s\u00e4hk\u00f6postia asiakaspalvelu@hevitex.fi<\/p>\t\t\t\t\t\t\t\t<\/div>\n\t\t\t\t<\/div>\n\t\t\t\t\t<\/div>\n\t\t<\/div>\n\t\t\t\t<div class=\"elementor-column elementor-col-66 elementor-top-column elementor-element elementor-element-063df41\" data-id=\"063df41\" data-element_type=\"column\" data-e-type=\"column\" data-settings=\"{&quot;background_background&quot;:&quot;classic&quot;}\">\n\t\t\t<div class=\"elementor-widget-wrap elementor-element-populated\">\n\t\t\t\t\t\t<div class=\"elementor-element elementor-element-7f5c8f6 elementor-button-align-stretch elementor-widget elementor-widget-form\" data-id=\"7f5c8f6\" data-element_type=\"widget\" data-e-type=\"widget\" data-settings=\"{&quot;step_next_label&quot;:&quot;Seuraavat&quot;,&quot;step_previous_label&quot;:&quot;Edellinen&quot;,&quot;button_width&quot;:&quot;100&quot;,&quot;step_type&quot;:&quot;number_text&quot;,&quot;step_icon_shape&quot;:&quot;circle&quot;}\" data-widget_type=\"form.default\">\n\t\t\t\t<div class=\"elementor-widget-container\">\n\t\t\t\t\t\t\t<form class=\"elementor-form\" method=\"post\" name=\"Yhteydenottopyynt\u00f6\">\n\t\t\t<input type=\"hidden\" name=\"post_id\" value=\"2636\"\/>\n\t\t\t<input type=\"hidden\" name=\"form_id\" value=\"7f5c8f6\"\/>\n\t\t\t<input type=\"hidden\" name=\"referer_title\" value=\"Haluan, ett\u00e4 minuun otetaan yhteytt\u00e4 - Hevitex Oy\" \/>\n\n\t\t\t\t\t\t\t<input type=\"hidden\" name=\"queried_id\" value=\"2636\"\/>\n\t\t\t\n\t\t\t<div class=\"elementor-form-fields-wrapper elementor-labels-above\">\n\t\t\t\t\t\t\t\t<div class=\"elementor-field-type-text elementor-field-group elementor-column elementor-field-group-name elementor-col-100 elementor-field-required elementor-mark-required\">\n\t\t\t\t\t\t\t\t\t\t\t\t<label for=\"form-field-name\" class=\"elementor-field-label\">\n\t\t\t\t\t\t\t\tNimi\t\t\t\t\t\t\t<\/label>\n\t\t\t\t\t\t\t\t\t\t\t\t\t\t<input size=\"1\" type=\"text\" name=\"form_fields[name]\" id=\"form-field-name\" class=\"elementor-field elementor-size-sm  elementor-field-textual\" required=\"required\">\n\t\t\t\t\t\t\t\t\t\t\t<\/div>\n\t\t\t\t\t\t\t\t<div class=\"elementor-field-type-email elementor-field-group elementor-column elementor-field-group-field_8f70843 elementor-col-100 elementor-field-required elementor-mark-required\">\n\t\t\t\t\t\t\t\t\t\t\t\t<label for=\"form-field-field_8f70843\" class=\"elementor-field-label\">\n\t\t\t\t\t\t\t\tS\u00e4hk\u00f6postiosoite\t\t\t\t\t\t\t<\/label>\n\t\t\t\t\t\t\t\t\t\t\t\t\t\t<input size=\"1\" type=\"email\" name=\"form_fields[field_8f70843]\" id=\"form-field-field_8f70843\" class=\"elementor-field elementor-size-sm  elementor-field-textual\" required=\"required\">\n\t\t\t\t\t\t\t\t\t\t\t<\/div>\n\t\t\t\t\t\t\t\t<div class=\"elementor-field-type-textarea elementor-field-group elementor-column elementor-field-group-message elementor-col-100 elementor-field-required elementor-mark-required\">\n\t\t\t\t\t\t\t\t\t\t\t\t<label for=\"form-field-message\" class=\"elementor-field-label\">\n\t\t\t\t\t\t\t\tHaluan, ett\u00e4 minuun otetaan yhteytt\u00e4 \/ Haluan tarjouksen seuraavasta tuotteesta\t\t\t\t\t\t\t<\/label>\n\t\t\t\t\t\t<textarea class=\"elementor-field-textual elementor-field  elementor-size-sm\" name=\"form_fields[message]\" id=\"form-field-message\" rows=\"4\" required=\"required\"><\/textarea>\t\t\t\t<\/div>\n\t\t\t\t\t\t\t\t<div class=\"elementor-field-group elementor-column elementor-field-type-submit elementor-col-100 e-form__buttons\">\n\t\t\t\t\t<button class=\"elementor-button elementor-size-sm\" type=\"submit\" id=\"Yhteydenottopyynt\u00f6\">\n\t\t\t\t\t\t<span class=\"elementor-button-content-wrapper\">\n\t\t\t\t\t\t\t\t\t\t\t\t\t\t\t\t\t\t\t\t\t\t<span class=\"elementor-button-text\">KLIKKAA T\u00c4T\u00c4 LINKKI\u00c4. YHTEYDENOTTOSI K\u00c4SITELL\u00c4\u00c4N ASIAKASPALVELUSSAMME MAHDOLLISIMMAN PIAN.<\/span>\n\t\t\t\t\t\t\t\t\t\t\t\t\t<\/span>\n\t\t\t\t\t<\/button>\n\t\t\t\t<\/div>\n\t\t\t<\/div>\n\t\t<\/form>\n\t\t\t\t\t\t<\/div>\n\t\t\t\t<\/div>\n\t\t\t\t\t<\/div>\n\t\t<\/div>\n\t\t\t\t\t<\/div>\n\t\t<\/section>\n\t\t\t\t<\/div>\n\t\t","protected":false},"excerpt":{"rendered":"<p>Kuinka voimme olla avuksi? Kirjoita oheiseen yhteydenottolomakkeeseen yhteystietosi. Kerro miten voimme olla avuksi?\u00a0 Otamme sinuun yhteytt\u00e4. Voit olla yhteydess\u00e4 meihin my\u00f6s puhelimitse 050-338 9595 tai l\u00e4het\u00e4 s\u00e4hk\u00f6postia asiakaspalvelu@hevitex.fi<\/p>\n","protected":false},"author":1,"featured_media":0,"parent":0,"menu_order":0,"comment_status":"closed","ping_status":"closed","template":"elementor_header_footer","meta":{"_acf_changed":false,"footnotes":""},"class_list":["post-2636","page","type-page","status-publish","hentry"],"acf":[],"yoast_head":"<!-- This site is optimized with the Yoast SEO plugin v27.4 - https:\/\/yoast.com\/product\/yoast-seo-wordpress\/ -->\n<title>Haluan, ett\u00e4 minuun otetaan yhteytt\u00e4 - Hevitex Oy<\/title>\n<meta name=\"robots\" content=\"index, follow, max-snippet:-1, max-image-preview:large, max-video-preview:-1\" \/>\n<link rel=\"canonical\" href=\"https:\/\/www.hevitex.fi\/?page_id=2636\" \/>\n<meta property=\"og:locale\" content=\"fi_FI\" \/>\n<meta property=\"og:type\" content=\"article\" \/>\n<meta property=\"og:title\" content=\"Haluan, ett\u00e4 minuun otetaan yhteytt\u00e4 - Hevitex Oy\" \/>\n<meta property=\"og:description\" content=\"Kuinka voimme olla avuksi? Kirjoita oheiseen yhteydenottolomakkeeseen yhteystietosi. Kerro miten voimme olla avuksi?\u00a0 Otamme sinuun yhteytt\u00e4. Voit olla yhteydess\u00e4 meihin my\u00f6s puhelimitse 050-338 9595 tai l\u00e4het\u00e4 s\u00e4hk\u00f6postia asiakaspalvelu@hevitex.fi\" \/>\n<meta property=\"og:url\" content=\"https:\/\/www.hevitex.fi\/?page_id=2636\" \/>\n<meta property=\"og:site_name\" content=\"Hevitex Oy\" \/>\n<meta property=\"article:modified_time\" content=\"2023-05-05T11:48:21+00:00\" \/>\n<meta name=\"twitter:card\" content=\"summary_large_image\" \/>\n<meta name=\"twitter:label1\" content=\"Arvioitu lukuaika\" \/>\n\t<meta name=\"twitter:data1\" content=\"1 minuutti\" \/>\n<script type=\"application\/ld+json\" class=\"yoast-schema-graph\">{\"@context\":\"https:\\\/\\\/schema.org\",\"@graph\":[{\"@type\":\"WebPage\",\"@id\":\"https:\\\/\\\/www.hevitex.fi\\\/?page_id=2636\",\"url\":\"https:\\\/\\\/www.hevitex.fi\\\/?page_id=2636\",\"name\":\"Haluan, ett\u00e4 minuun otetaan yhteytt\u00e4 - Hevitex Oy\",\"isPartOf\":{\"@id\":\"https:\\\/\\\/hevitex.fi\\\/#website\"},\"datePublished\":\"2021-10-14T14:22:42+00:00\",\"dateModified\":\"2023-05-05T11:48:21+00:00\",\"breadcrumb\":{\"@id\":\"https:\\\/\\\/www.hevitex.fi\\\/?page_id=2636#breadcrumb\"},\"inLanguage\":\"fi\",\"potentialAction\":[{\"@type\":\"ReadAction\",\"target\":[\"https:\\\/\\\/www.hevitex.fi\\\/?page_id=2636\"]}]},{\"@type\":\"BreadcrumbList\",\"@id\":\"https:\\\/\\\/www.hevitex.fi\\\/?page_id=2636#breadcrumb\",\"itemListElement\":[{\"@type\":\"ListItem\",\"position\":1,\"name\":\"Home\",\"item\":\"https:\\\/\\\/hevitex.fi\\\/\"},{\"@type\":\"ListItem\",\"position\":2,\"name\":\"Haluan, ett\u00e4 minuun otetaan yhteytt\u00e4\"}]},{\"@type\":\"WebSite\",\"@id\":\"https:\\\/\\\/hevitex.fi\\\/#website\",\"url\":\"https:\\\/\\\/hevitex.fi\\\/\",\"name\":\"Hevitex Oy\",\"description\":\"Mainos -ja liikelahjat\",\"publisher\":{\"@id\":\"https:\\\/\\\/hevitex.fi\\\/#organization\"},\"potentialAction\":[{\"@type\":\"SearchAction\",\"target\":{\"@type\":\"EntryPoint\",\"urlTemplate\":\"https:\\\/\\\/hevitex.fi\\\/?s={search_term_string}\"},\"query-input\":{\"@type\":\"PropertyValueSpecification\",\"valueRequired\":true,\"valueName\":\"search_term_string\"}}],\"inLanguage\":\"fi\"},{\"@type\":\"Organization\",\"@id\":\"https:\\\/\\\/hevitex.fi\\\/#organization\",\"name\":\"Hevitex Oy\",\"url\":\"https:\\\/\\\/hevitex.fi\\\/\",\"logo\":{\"@type\":\"ImageObject\",\"inLanguage\":\"fi\",\"@id\":\"https:\\\/\\\/hevitex.fi\\\/#\\\/schema\\\/logo\\\/image\\\/\",\"url\":\"https:\\\/\\\/hevitex.fi\\\/wp-content\\\/uploads\\\/2020\\\/02\\\/Hevitex_logo_5.10.2021-1-e1634214465393.jpg\",\"contentUrl\":\"https:\\\/\\\/hevitex.fi\\\/wp-content\\\/uploads\\\/2020\\\/02\\\/Hevitex_logo_5.10.2021-1-e1634214465393.jpg\",\"width\":70,\"height\":70,\"caption\":\"Hevitex Oy\"},\"image\":{\"@id\":\"https:\\\/\\\/hevitex.fi\\\/#\\\/schema\\\/logo\\\/image\\\/\"}}]}<\/script>\n<!-- \/ Yoast SEO plugin. -->","yoast_head_json":{"title":"Haluan, ett\u00e4 minuun otetaan yhteytt\u00e4 - Hevitex Oy","robots":{"index":"index","follow":"follow","max-snippet":"max-snippet:-1","max-image-preview":"max-image-preview:large","max-video-preview":"max-video-preview:-1"},"canonical":"https:\/\/www.hevitex.fi\/?page_id=2636","og_locale":"fi_FI","og_type":"article","og_title":"Haluan, ett\u00e4 minuun otetaan yhteytt\u00e4 - Hevitex Oy","og_description":"Kuinka voimme olla avuksi? Kirjoita oheiseen yhteydenottolomakkeeseen yhteystietosi. Kerro miten voimme olla avuksi?\u00a0 Otamme sinuun yhteytt\u00e4. Voit olla yhteydess\u00e4 meihin my\u00f6s puhelimitse 050-338 9595 tai l\u00e4het\u00e4 s\u00e4hk\u00f6postia asiakaspalvelu@hevitex.fi","og_url":"https:\/\/www.hevitex.fi\/?page_id=2636","og_site_name":"Hevitex Oy","article_modified_time":"2023-05-05T11:48:21+00:00","twitter_card":"summary_large_image","twitter_misc":{"Arvioitu lukuaika":"1 minuutti"},"schema":{"@context":"https:\/\/schema.org","@graph":[{"@type":"WebPage","@id":"https:\/\/www.hevitex.fi\/?page_id=2636","url":"https:\/\/www.hevitex.fi\/?page_id=2636","name":"Haluan, ett\u00e4 minuun otetaan yhteytt\u00e4 - Hevitex Oy","isPartOf":{"@id":"https:\/\/hevitex.fi\/#website"},"datePublished":"2021-10-14T14:22:42+00:00","dateModified":"2023-05-05T11:48:21+00:00","breadcrumb":{"@id":"https:\/\/www.hevitex.fi\/?page_id=2636#breadcrumb"},"inLanguage":"fi","potentialAction":[{"@type":"ReadAction","target":["https:\/\/www.hevitex.fi\/?page_id=2636"]}]},{"@type":"BreadcrumbList","@id":"https:\/\/www.hevitex.fi\/?page_id=2636#breadcrumb","itemListElement":[{"@type":"ListItem","position":1,"name":"Home","item":"https:\/\/hevitex.fi\/"},{"@type":"ListItem","position":2,"name":"Haluan, ett\u00e4 minuun otetaan yhteytt\u00e4"}]},{"@type":"WebSite","@id":"https:\/\/hevitex.fi\/#website","url":"https:\/\/hevitex.fi\/","name":"Hevitex Oy","description":"Mainos -ja liikelahjat","publisher":{"@id":"https:\/\/hevitex.fi\/#organization"},"potentialAction":[{"@type":"SearchAction","target":{"@type":"EntryPoint","urlTemplate":"https:\/\/hevitex.fi\/?s={search_term_string}"},"query-input":{"@type":"PropertyValueSpecification","valueRequired":true,"valueName":"search_term_string"}}],"inLanguage":"fi"},{"@type":"Organization","@id":"https:\/\/hevitex.fi\/#organization","name":"Hevitex Oy","url":"https:\/\/hevitex.fi\/","logo":{"@type":"ImageObject","inLanguage":"fi","@id":"https:\/\/hevitex.fi\/#\/schema\/logo\/image\/","url":"https:\/\/hevitex.fi\/wp-content\/uploads\/2020\/02\/Hevitex_logo_5.10.2021-1-e1634214465393.jpg","contentUrl":"https:\/\/hevitex.fi\/wp-content\/uploads\/2020\/02\/Hevitex_logo_5.10.2021-1-e1634214465393.jpg","width":70,"height":70,"caption":"Hevitex Oy"},"image":{"@id":"https:\/\/hevitex.fi\/#\/schema\/logo\/image\/"}}]}},"_links":{"self":[{"href":"https:\/\/hevitex.fi\/index.php?rest_route=\/wp\/v2\/pages\/2636","targetHints":{"allow":["GET"]}}],"collection":[{"href":"https:\/\/hevitex.fi\/index.php?rest_route=\/wp\/v2\/pages"}],"about":[{"href":"https:\/\/hevitex.fi\/index.php?rest_route=\/wp\/v2\/types\/page"}],"author":[{"embeddable":true,"href":"https:\/\/hevitex.fi\/index.php?rest_route=\/wp\/v2\/users\/1"}],"replies":[{"embeddable":true,"href":"https:\/\/hevitex.fi\/index.php?rest_route=%2Fwp%2Fv2%2Fcomments&post=2636"}],"version-history":[{"count":5,"href":"https:\/\/hevitex.fi\/index.php?rest_route=\/wp\/v2\/pages\/2636\/revisions"}],"predecessor-version":[{"id":3827,"href":"https:\/\/hevitex.fi\/index.php?rest_route=\/wp\/v2\/pages\/2636\/revisions\/3827"}],"wp:attachment":[{"href":"https:\/\/hevitex.fi\/index.php?rest_route=%2Fwp%2Fv2%2Fmedia&parent=2636"}],"curies":[{"name":"wp","href":"https:\/\/api.w.org\/{rel}","templated":true}]}}