{"id":3846,"date":"2023-05-22T10:21:02","date_gmt":"2023-05-22T10:21:02","guid":{"rendered":"https:\/\/hevitex.fi\/?page_id=3846"},"modified":"2023-05-22T10:39:17","modified_gmt":"2023-05-22T10:39:17","slug":"hakukone","status":"publish","type":"page","link":"https:\/\/hevitex.fi\/?page_id=3846","title":{"rendered":"Hakukone"},"content":{"rendered":"\t\t<div data-elementor-type=\"wp-page\" data-elementor-id=\"3846\" class=\"elementor elementor-3846\" data-elementor-post-type=\"page\">\n\t\t\t\t\t\t<section class=\"elementor-section elementor-top-section elementor-element elementor-element-d813a8d elementor-section-boxed elementor-section-height-default elementor-section-height-default\" data-id=\"d813a8d\" data-element_type=\"section\" data-e-type=\"section\">\n\t\t\t\t\t\t<div class=\"elementor-container elementor-column-gap-default\">\n\t\t\t\t\t<div class=\"elementor-column elementor-col-100 elementor-top-column elementor-element elementor-element-2d5ed24\" data-id=\"2d5ed24\" data-element_type=\"column\" data-e-type=\"column\">\n\t\t\t<div class=\"elementor-widget-wrap elementor-element-populated\">\n\t\t\t\t\t\t<div class=\"elementor-element elementor-element-fd79893 elementor-widget elementor-widget-text-editor\" data-id=\"fd79893\" data-element_type=\"widget\" data-e-type=\"widget\" data-widget_type=\"text-editor.default\">\n\t\t\t\t<div class=\"elementor-widget-container\">\n\t\t\t\t\t\t\t\t\t<p>Tuotehakukonetta k\u00e4ytt\u00e4m\u00e4ll\u00e4 p\u00e4\u00e4set tutustumaan laajaan tuotevalikoimamme.\u00a0<\/p><p>Voit tehd\u00e4 hakuja nimikkeen perusteella esim. muki, reppu, kassi jne. Hakukone antaa tuotetietojen lis\u00e4ksi tuotteen v\u00e4rivaihtoehdot, koot, saatavuuden jne. Tuotteissa n\u00e4ht\u00e4v\u00e4t hinnat ovat suuntaa antavia. Lopulliseen hintaan vaikuttavat tekij\u00e4t ovat mm. tilattava kappalem\u00e4\u00e4r\u00e4 sek\u00e4 merkkaustapa.\u00a0<\/p><p>Pyyd\u00e4 tarjous asiakaspalvelustamme 050-338 9595 tai asiakaspalvelu@hevitex.fi<\/p><p>\u00a0<\/p>\t\t\t\t\t\t\t\t<\/div>\n\t\t\t\t<\/div>\n\t\t\t\t\t<\/div>\n\t\t<\/div>\n\t\t\t\t\t<\/div>\n\t\t<\/section>\n\t\t\t\t<section class=\"elementor-section elementor-top-section elementor-element elementor-element-f5b039d elementor-section-boxed elementor-section-height-default elementor-section-height-default\" data-id=\"f5b039d\" data-element_type=\"section\" data-e-type=\"section\">\n\t\t\t\t\t\t<div class=\"elementor-container elementor-column-gap-default\">\n\t\t\t\t\t<div class=\"elementor-column elementor-col-100 elementor-top-column elementor-element elementor-element-1002999\" data-id=\"1002999\" data-element_type=\"column\" data-e-type=\"column\">\n\t\t\t<div class=\"elementor-widget-wrap elementor-element-populated\">\n\t\t\t\t\t\t<div class=\"elementor-element elementor-element-2a1f5fc elementor-widget elementor-widget-button\" data-id=\"2a1f5fc\" data-element_type=\"widget\" data-e-type=\"widget\" data-widget_type=\"button.default\">\n\t\t\t\t<div class=\"elementor-widget-container\">\n\t\t\t\t\t\t\t\t\t<div class=\"elementor-button-wrapper\">\n\t\t\t\t\t<a class=\"elementor-button elementor-button-link elementor-size-sm\" href=\"https:\/\/www.morethangiftscatalogue.com\/nordic-catalog\/fi\/eur\/search\">\n\t\t\t\t\t\t<span class=\"elementor-button-content-wrapper\">\n\t\t\t\t\t\t\t\t\t<span class=\"elementor-button-text\">Klikkaamalla t\u00e4st\u00e4 p\u00e4\u00e4set hakukoneeseen <\/span>\n\t\t\t\t\t<\/span>\n\t\t\t\t\t<\/a>\n\t\t\t\t<\/div>\n\t\t\t\t\t\t\t\t<\/div>\n\t\t\t\t<\/div>\n\t\t\t\t\t<\/div>\n\t\t<\/div>\n\t\t\t\t\t<\/div>\n\t\t<\/section>\n\t\t\t\t<\/div>\n\t\t","protected":false},"excerpt":{"rendered":"<p>Tuotehakukonetta k\u00e4ytt\u00e4m\u00e4ll\u00e4 p\u00e4\u00e4set tutustumaan laajaan tuotevalikoimamme.\u00a0 Voit tehd\u00e4 hakuja nimikkeen perusteella esim. muki, reppu, kassi jne. Hakukone antaa tuotetietojen lis\u00e4ksi tuotteen v\u00e4rivaihtoehdot, koot, saatavuuden jne. Tuotteissa n\u00e4ht\u00e4v\u00e4t hinnat ovat suuntaa antavia. Lopulliseen hintaan vaikuttavat tekij\u00e4t ovat mm. tilattava kappalem\u00e4\u00e4r\u00e4 sek\u00e4 &hellip;<\/p>\n<p class=\"read-more\"> <a class=\"more-link\" href=\"https:\/\/hevitex.fi\/?page_id=3846\"> <span class=\"screen-reader-text\">Hakukone<\/span> Lue lis\u00e4\u00e4 &raquo;<\/a><\/p>\n","protected":false},"author":1,"featured_media":0,"parent":0,"menu_order":0,"comment_status":"closed","ping_status":"closed","template":"","meta":{"_acf_changed":false,"footnotes":""},"class_list":["post-3846","page","type-page","status-publish","hentry"],"acf":[],"yoast_head":"<!-- This site is optimized with the Yoast SEO plugin v27.5 - https:\/\/yoast.com\/product\/yoast-seo-wordpress\/ -->\n<title>Hakukone - Hevitex Oy<\/title>\n<meta name=\"robots\" content=\"index, follow, max-snippet:-1, max-image-preview:large, max-video-preview:-1\" \/>\n<link rel=\"canonical\" href=\"https:\/\/hevitex.fi\/?page_id=3846\" \/>\n<meta property=\"og:locale\" content=\"fi_FI\" \/>\n<meta property=\"og:type\" content=\"article\" \/>\n<meta property=\"og:title\" content=\"Hakukone - Hevitex Oy\" \/>\n<meta property=\"og:description\" content=\"Tuotehakukonetta k\u00e4ytt\u00e4m\u00e4ll\u00e4 p\u00e4\u00e4set tutustumaan laajaan tuotevalikoimamme.\u00a0 Voit tehd\u00e4 hakuja nimikkeen perusteella esim. muki, reppu, kassi jne. Hakukone antaa tuotetietojen lis\u00e4ksi tuotteen v\u00e4rivaihtoehdot, koot, saatavuuden jne. Tuotteissa n\u00e4ht\u00e4v\u00e4t hinnat ovat suuntaa antavia. Lopulliseen hintaan vaikuttavat tekij\u00e4t ovat mm. tilattava kappalem\u00e4\u00e4r\u00e4 sek\u00e4 &hellip; Hakukone Lue lis\u00e4\u00e4 &raquo;\" \/>\n<meta property=\"og:url\" content=\"https:\/\/hevitex.fi\/?page_id=3846\" \/>\n<meta property=\"og:site_name\" content=\"Hevitex Oy\" \/>\n<meta property=\"article:modified_time\" content=\"2023-05-22T10:39:17+00:00\" \/>\n<meta name=\"twitter:card\" content=\"summary_large_image\" \/>\n<meta name=\"twitter:label1\" content=\"Arvioitu lukuaika\" \/>\n\t<meta name=\"twitter:data1\" content=\"1 minuutti\" \/>\n<script type=\"application\/ld+json\" class=\"yoast-schema-graph\">{\"@context\":\"https:\\\/\\\/schema.org\",\"@graph\":[{\"@type\":\"WebPage\",\"@id\":\"https:\\\/\\\/hevitex.fi\\\/?page_id=3846\",\"url\":\"https:\\\/\\\/hevitex.fi\\\/?page_id=3846\",\"name\":\"Hakukone - Hevitex Oy\",\"isPartOf\":{\"@id\":\"https:\\\/\\\/hevitex.fi\\\/#website\"},\"datePublished\":\"2023-05-22T10:21:02+00:00\",\"dateModified\":\"2023-05-22T10:39:17+00:00\",\"breadcrumb\":{\"@id\":\"https:\\\/\\\/hevitex.fi\\\/?page_id=3846#breadcrumb\"},\"inLanguage\":\"fi\",\"potentialAction\":[{\"@type\":\"ReadAction\",\"target\":[\"https:\\\/\\\/hevitex.fi\\\/?page_id=3846\"]}]},{\"@type\":\"BreadcrumbList\",\"@id\":\"https:\\\/\\\/hevitex.fi\\\/?page_id=3846#breadcrumb\",\"itemListElement\":[{\"@type\":\"ListItem\",\"position\":1,\"name\":\"Home\",\"item\":\"https:\\\/\\\/hevitex.fi\\\/\"},{\"@type\":\"ListItem\",\"position\":2,\"name\":\"Hakukone\"}]},{\"@type\":\"WebSite\",\"@id\":\"https:\\\/\\\/hevitex.fi\\\/#website\",\"url\":\"https:\\\/\\\/hevitex.fi\\\/\",\"name\":\"Hevitex Oy\",\"description\":\"Mainos -ja liikelahjat\",\"publisher\":{\"@id\":\"https:\\\/\\\/hevitex.fi\\\/#organization\"},\"potentialAction\":[{\"@type\":\"SearchAction\",\"target\":{\"@type\":\"EntryPoint\",\"urlTemplate\":\"https:\\\/\\\/hevitex.fi\\\/?s={search_term_string}\"},\"query-input\":{\"@type\":\"PropertyValueSpecification\",\"valueRequired\":true,\"valueName\":\"search_term_string\"}}],\"inLanguage\":\"fi\"},{\"@type\":\"Organization\",\"@id\":\"https:\\\/\\\/hevitex.fi\\\/#organization\",\"name\":\"Hevitex Oy\",\"url\":\"https:\\\/\\\/hevitex.fi\\\/\",\"logo\":{\"@type\":\"ImageObject\",\"inLanguage\":\"fi\",\"@id\":\"https:\\\/\\\/hevitex.fi\\\/#\\\/schema\\\/logo\\\/image\\\/\",\"url\":\"https:\\\/\\\/hevitex.fi\\\/wp-content\\\/uploads\\\/2020\\\/02\\\/Hevitex_logo_5.10.2021-1-e1634214465393.jpg\",\"contentUrl\":\"https:\\\/\\\/hevitex.fi\\\/wp-content\\\/uploads\\\/2020\\\/02\\\/Hevitex_logo_5.10.2021-1-e1634214465393.jpg\",\"width\":70,\"height\":70,\"caption\":\"Hevitex Oy\"},\"image\":{\"@id\":\"https:\\\/\\\/hevitex.fi\\\/#\\\/schema\\\/logo\\\/image\\\/\"}}]}<\/script>\n<!-- \/ Yoast SEO plugin. -->","yoast_head_json":{"title":"Hakukone - Hevitex Oy","robots":{"index":"index","follow":"follow","max-snippet":"max-snippet:-1","max-image-preview":"max-image-preview:large","max-video-preview":"max-video-preview:-1"},"canonical":"https:\/\/hevitex.fi\/?page_id=3846","og_locale":"fi_FI","og_type":"article","og_title":"Hakukone - Hevitex Oy","og_description":"Tuotehakukonetta k\u00e4ytt\u00e4m\u00e4ll\u00e4 p\u00e4\u00e4set tutustumaan laajaan tuotevalikoimamme.\u00a0 Voit tehd\u00e4 hakuja nimikkeen perusteella esim. muki, reppu, kassi jne. Hakukone antaa tuotetietojen lis\u00e4ksi tuotteen v\u00e4rivaihtoehdot, koot, saatavuuden jne. Tuotteissa n\u00e4ht\u00e4v\u00e4t hinnat ovat suuntaa antavia. Lopulliseen hintaan vaikuttavat tekij\u00e4t ovat mm. tilattava kappalem\u00e4\u00e4r\u00e4 sek\u00e4 &hellip; Hakukone Lue lis\u00e4\u00e4 &raquo;","og_url":"https:\/\/hevitex.fi\/?page_id=3846","og_site_name":"Hevitex Oy","article_modified_time":"2023-05-22T10:39:17+00:00","twitter_card":"summary_large_image","twitter_misc":{"Arvioitu lukuaika":"1 minuutti"},"schema":{"@context":"https:\/\/schema.org","@graph":[{"@type":"WebPage","@id":"https:\/\/hevitex.fi\/?page_id=3846","url":"https:\/\/hevitex.fi\/?page_id=3846","name":"Hakukone - Hevitex Oy","isPartOf":{"@id":"https:\/\/hevitex.fi\/#website"},"datePublished":"2023-05-22T10:21:02+00:00","dateModified":"2023-05-22T10:39:17+00:00","breadcrumb":{"@id":"https:\/\/hevitex.fi\/?page_id=3846#breadcrumb"},"inLanguage":"fi","potentialAction":[{"@type":"ReadAction","target":["https:\/\/hevitex.fi\/?page_id=3846"]}]},{"@type":"BreadcrumbList","@id":"https:\/\/hevitex.fi\/?page_id=3846#breadcrumb","itemListElement":[{"@type":"ListItem","position":1,"name":"Home","item":"https:\/\/hevitex.fi\/"},{"@type":"ListItem","position":2,"name":"Hakukone"}]},{"@type":"WebSite","@id":"https:\/\/hevitex.fi\/#website","url":"https:\/\/hevitex.fi\/","name":"Hevitex Oy","description":"Mainos -ja liikelahjat","publisher":{"@id":"https:\/\/hevitex.fi\/#organization"},"potentialAction":[{"@type":"SearchAction","target":{"@type":"EntryPoint","urlTemplate":"https:\/\/hevitex.fi\/?s={search_term_string}"},"query-input":{"@type":"PropertyValueSpecification","valueRequired":true,"valueName":"search_term_string"}}],"inLanguage":"fi"},{"@type":"Organization","@id":"https:\/\/hevitex.fi\/#organization","name":"Hevitex Oy","url":"https:\/\/hevitex.fi\/","logo":{"@type":"ImageObject","inLanguage":"fi","@id":"https:\/\/hevitex.fi\/#\/schema\/logo\/image\/","url":"https:\/\/hevitex.fi\/wp-content\/uploads\/2020\/02\/Hevitex_logo_5.10.2021-1-e1634214465393.jpg","contentUrl":"https:\/\/hevitex.fi\/wp-content\/uploads\/2020\/02\/Hevitex_logo_5.10.2021-1-e1634214465393.jpg","width":70,"height":70,"caption":"Hevitex Oy"},"image":{"@id":"https:\/\/hevitex.fi\/#\/schema\/logo\/image\/"}}]}},"_links":{"self":[{"href":"https:\/\/hevitex.fi\/index.php?rest_route=\/wp\/v2\/pages\/3846","targetHints":{"allow":["GET"]}}],"collection":[{"href":"https:\/\/hevitex.fi\/index.php?rest_route=\/wp\/v2\/pages"}],"about":[{"href":"https:\/\/hevitex.fi\/index.php?rest_route=\/wp\/v2\/types\/page"}],"author":[{"embeddable":true,"href":"https:\/\/hevitex.fi\/index.php?rest_route=\/wp\/v2\/users\/1"}],"replies":[{"embeddable":true,"href":"https:\/\/hevitex.fi\/index.php?rest_route=%2Fwp%2Fv2%2Fcomments&post=3846"}],"version-history":[{"count":4,"href":"https:\/\/hevitex.fi\/index.php?rest_route=\/wp\/v2\/pages\/3846\/revisions"}],"predecessor-version":[{"id":3852,"href":"https:\/\/hevitex.fi\/index.php?rest_route=\/wp\/v2\/pages\/3846\/revisions\/3852"}],"wp:attachment":[{"href":"https:\/\/hevitex.fi\/index.php?rest_route=%2Fwp%2Fv2%2Fmedia&parent=3846"}],"curies":[{"name":"wp","href":"https:\/\/api.w.org\/{rel}","templated":true}]}}